{"id":252,"date":"2020-01-13T17:25:44","date_gmt":"2020-01-13T16:25:44","guid":{"rendered":"http:\/\/underbakke.as\/suldalhotell\/?page_id=252"},"modified":"2024-10-15T14:16:55","modified_gmt":"2024-10-15T12:16:55","slug":"rom-for-bedrifter","status":"publish","type":"page","link":"https:\/\/underbakke.as\/suldalhotell\/rom-for-bedrifter\/","title":{"rendered":"Rom p\u00e5 Suldal hotell for bedrifter"},"content":{"rendered":"\n<p><\/p>\n\n\n\n<figure class=\"wp-block-gallery has-nested-images columns-3 is-cropped wp-block-gallery-1 is-layout-flex wp-block-gallery-is-layout-flex\">\n<figure class=\"wp-block-image size-large\"><img loading=\"lazy\" decoding=\"async\" width=\"1024\" height=\"576\" data-id=\"142\" src=\"https:\/\/underbakke.as\/suldalhotell\/wp-content\/uploads\/2015\/12\/spisesal_Suldal_hotell-1024x576.jpg\" alt=\"\" class=\"wp-image-142\" srcset=\"https:\/\/underbakke.as\/suldalhotell\/wp-content\/uploads\/2015\/12\/spisesal_Suldal_hotell-1024x576.jpg 1024w, https:\/\/underbakke.as\/suldalhotell\/wp-content\/uploads\/2015\/12\/spisesal_Suldal_hotell-300x169.jpg 300w, https:\/\/underbakke.as\/suldalhotell\/wp-content\/uploads\/2015\/12\/spisesal_Suldal_hotell-768x432.jpg 768w, https:\/\/underbakke.as\/suldalhotell\/wp-content\/uploads\/2015\/12\/spisesal_Suldal_hotell-900x506.jpg 900w, https:\/\/underbakke.as\/suldalhotell\/wp-content\/uploads\/2015\/12\/spisesal_Suldal_hotell-1280x720.jpg 1280w, https:\/\/underbakke.as\/suldalhotell\/wp-content\/uploads\/2015\/12\/spisesal_Suldal_hotell.jpg 2048w\" sizes=\"(max-width: 1024px) 100vw, 1024px\" \/><\/figure>\n\n\n\n<figure class=\"wp-block-image size-large\"><img loading=\"lazy\" decoding=\"async\" width=\"1024\" height=\"576\" data-id=\"140\" src=\"https:\/\/underbakke.as\/suldalhotell\/wp-content\/uploads\/2015\/12\/matfat_Suldal_hotell-1024x576.jpg\" alt=\"\" class=\"wp-image-140\" srcset=\"https:\/\/underbakke.as\/suldalhotell\/wp-content\/uploads\/2015\/12\/matfat_Suldal_hotell-1024x576.jpg 1024w, https:\/\/underbakke.as\/suldalhotell\/wp-content\/uploads\/2015\/12\/matfat_Suldal_hotell-300x169.jpg 300w, https:\/\/underbakke.as\/suldalhotell\/wp-content\/uploads\/2015\/12\/matfat_Suldal_hotell-768x432.jpg 768w, https:\/\/underbakke.as\/suldalhotell\/wp-content\/uploads\/2015\/12\/matfat_Suldal_hotell-900x506.jpg 900w, https:\/\/underbakke.as\/suldalhotell\/wp-content\/uploads\/2015\/12\/matfat_Suldal_hotell-1280x720.jpg 1280w, https:\/\/underbakke.as\/suldalhotell\/wp-content\/uploads\/2015\/12\/matfat_Suldal_hotell.jpg 2048w\" sizes=\"(max-width: 1024px) 100vw, 1024px\" \/><\/figure>\n\n\n\n<figure class=\"wp-block-image size-large\"><img loading=\"lazy\" decoding=\"async\" width=\"1024\" height=\"355\" data-id=\"168\" src=\"https:\/\/underbakke.as\/suldalhotell\/wp-content\/uploads\/2015\/12\/cropped-57962814-1024x355.jpg\" alt=\"\" class=\"wp-image-168\" srcset=\"https:\/\/underbakke.as\/suldalhotell\/wp-content\/uploads\/2015\/12\/cropped-57962814-1024x355.jpg 1024w, https:\/\/underbakke.as\/suldalhotell\/wp-content\/uploads\/2015\/12\/cropped-57962814-300x104.jpg 300w, https:\/\/underbakke.as\/suldalhotell\/wp-content\/uploads\/2015\/12\/cropped-57962814-768x266.jpg 768w, https:\/\/underbakke.as\/suldalhotell\/wp-content\/uploads\/2015\/12\/cropped-57962814-900x312.jpg 900w, https:\/\/underbakke.as\/suldalhotell\/wp-content\/uploads\/2015\/12\/cropped-57962814.jpg 1280w\" sizes=\"(max-width: 1024px) 100vw, 1024px\" \/><\/figure>\n\n\n\n<figure class=\"wp-block-image size-large\"><img loading=\"lazy\" decoding=\"async\" width=\"1707\" height=\"2560\" data-id=\"344\" src=\"https:\/\/underbakke.as\/suldalhotell\/wp-content\/uploads\/2024\/09\/image00030-scaled.jpg\" alt=\"\" class=\"wp-image-344\"\/><\/figure>\n\n\n\n<figure class=\"wp-block-image size-large\"><img loading=\"lazy\" decoding=\"async\" width=\"648\" height=\"648\" data-id=\"295\" src=\"https:\/\/underbakke.as\/suldalhotell\/wp-content\/uploads\/2023\/10\/Suldal-Hotell.jpg\" alt=\"\" class=\"wp-image-295\" srcset=\"https:\/\/underbakke.as\/suldalhotell\/wp-content\/uploads\/2023\/10\/Suldal-Hotell.jpg 648w, https:\/\/underbakke.as\/suldalhotell\/wp-content\/uploads\/2023\/10\/Suldal-Hotell-300x300.jpg 300w, https:\/\/underbakke.as\/suldalhotell\/wp-content\/uploads\/2023\/10\/Suldal-Hotell-150x150.jpg 150w\" sizes=\"(max-width: 648px) 100vw, 648px\" \/><\/figure>\n\n\n\n<figure class=\"wp-block-image size-large\"><img loading=\"lazy\" decoding=\"async\" width=\"851\" height=\"1024\" data-id=\"328\" src=\"https:\/\/underbakke.as\/suldalhotell\/wp-content\/uploads\/2024\/02\/image00037-851x1024.jpg\" alt=\"\" class=\"wp-image-328\" srcset=\"https:\/\/underbakke.as\/suldalhotell\/wp-content\/uploads\/2024\/02\/image00037-851x1024.jpg 851w, https:\/\/underbakke.as\/suldalhotell\/wp-content\/uploads\/2024\/02\/image00037-249x300.jpg 249w, https:\/\/underbakke.as\/suldalhotell\/wp-content\/uploads\/2024\/02\/image00037-768x924.jpg 768w, https:\/\/underbakke.as\/suldalhotell\/wp-content\/uploads\/2024\/02\/image00037-1277x1536.jpg 1277w, https:\/\/underbakke.as\/suldalhotell\/wp-content\/uploads\/2024\/02\/image00037-1702x2048.jpg 1702w, https:\/\/underbakke.as\/suldalhotell\/wp-content\/uploads\/2024\/02\/image00037-1140x1371.jpg 1140w\" sizes=\"(max-width: 851px) 100vw, 851px\" \/><\/figure>\n\n\n\n<figure class=\"wp-block-image size-large\"><img loading=\"lazy\" decoding=\"async\" width=\"721\" height=\"1024\" data-id=\"335\" src=\"https:\/\/underbakke.as\/suldalhotell\/wp-content\/uploads\/2024\/02\/image00004-721x1024.jpg\" alt=\"\" class=\"wp-image-335\" srcset=\"https:\/\/underbakke.as\/suldalhotell\/wp-content\/uploads\/2024\/02\/image00004-721x1024.jpg 721w, https:\/\/underbakke.as\/suldalhotell\/wp-content\/uploads\/2024\/02\/image00004-211x300.jpg 211w, https:\/\/underbakke.as\/suldalhotell\/wp-content\/uploads\/2024\/02\/image00004-768x1091.jpg 768w, https:\/\/underbakke.as\/suldalhotell\/wp-content\/uploads\/2024\/02\/image00004-1082x1536.jpg 1082w, https:\/\/underbakke.as\/suldalhotell\/wp-content\/uploads\/2024\/02\/image00004-1442x2048.jpg 1442w, https:\/\/underbakke.as\/suldalhotell\/wp-content\/uploads\/2024\/02\/image00004-1140x1619.jpg 1140w, https:\/\/underbakke.as\/suldalhotell\/wp-content\/uploads\/2024\/02\/image00004-scaled.jpg 1803w\" sizes=\"(max-width: 721px) 100vw, 721px\" \/><\/figure>\n\n\n\n<figure class=\"wp-block-image size-large\"><img loading=\"lazy\" decoding=\"async\" width=\"1707\" height=\"2560\" data-id=\"324\" src=\"https:\/\/underbakke.as\/suldalhotell\/wp-content\/uploads\/2024\/02\/image00052-scaled.jpg\" alt=\"\" class=\"wp-image-324\"\/><\/figure>\n\n\n\n<figure class=\"wp-block-image size-large\"><img loading=\"lazy\" decoding=\"async\" width=\"683\" height=\"1024\" data-id=\"322\" src=\"https:\/\/underbakke.as\/suldalhotell\/wp-content\/uploads\/2024\/02\/image00050-683x1024.jpg\" alt=\"\" class=\"wp-image-322\" srcset=\"https:\/\/underbakke.as\/suldalhotell\/wp-content\/uploads\/2024\/02\/image00050-683x1024.jpg 683w, https:\/\/underbakke.as\/suldalhotell\/wp-content\/uploads\/2024\/02\/image00050-200x300.jpg 200w, https:\/\/underbakke.as\/suldalhotell\/wp-content\/uploads\/2024\/02\/image00050-768x1152.jpg 768w, https:\/\/underbakke.as\/suldalhotell\/wp-content\/uploads\/2024\/02\/image00050-1024x1536.jpg 1024w, https:\/\/underbakke.as\/suldalhotell\/wp-content\/uploads\/2024\/02\/image00050-1365x2048.jpg 1365w, https:\/\/underbakke.as\/suldalhotell\/wp-content\/uploads\/2024\/02\/image00050-1140x1710.jpg 1140w, https:\/\/underbakke.as\/suldalhotell\/wp-content\/uploads\/2024\/02\/image00050-scaled.jpg 1707w\" sizes=\"(max-width: 683px) 100vw, 683px\" \/><\/figure>\n<\/figure>\n\n\n\n<h2 class=\"wp-block-heading\"><\/h2>\n\n\n\n<p style=\"padding-right:var(--wp--preset--spacing--small);padding-left:var(--wp--preset--spacing--small)\"><strong><em>Rimeleg og hyggeleg overnatting, midt i hjarta av Ryfylke.<\/em><\/strong><\/p>\n\n\n\n<p style=\"padding-right:var(--wp--preset--spacing--small);padding-left:var(--wp--preset--spacing--small)\">Suldal Hotell tilbyr komfortabel overnatting med fullpensjon til ein sv\u00e6rt gunstig pris. Med 23 rom \u2013 14 enkeltrom og 9 dobbeltrom \u2013 har me kapasitet til b\u00e5de kort- og langtidsopphald. Me har lang erfaring med \u00e5 huse gjester som jobbar p\u00e5 prosjekt i Sand og Suldal, og tilpassar gjerne opphaldet etter dine behov. \u00d8nskjer du ein langtidsavtale for dine tilsette? Ta kontakt med oss i dag for eit tilbod som passar deg!<\/p>\n\n\n\n<div class=\"wp-block-media-text is-stacked-on-mobile\" style=\"padding-left:var(--wp--preset--spacing--small);grid-template-columns:35% auto\"><figure class=\"wp-block-media-text__media\"><img decoding=\"async\" src=\"http:\/\/underbakke.as\/suldalhotell\/wp-content\/uploads\/2024\/02\/image00051.jpg\" alt=\"\" class=\"wp-image-323 size-full\"\/><\/figure><div class=\"wp-block-media-text__content\">\n<h2 class=\"wp-block-heading\">Rom p\u00e5 Suldal Hotel<\/h2>\n\n\n\n<p>Innsjekk kl. 15.00 og utsjekk kl. 12.00, eller etter avtale.<\/p>\n\n\n\n<p><strong>Fasilitetar:<\/strong><\/p>\n\n\n\n<ul class=\"wp-block-list\">\n<li>Bad<\/li>\n\n\n\n<li>Wifi<\/li>\n\n\n\n<li>Fjordutsikt (dei fleste)<\/li>\n\n\n\n<li>Frukost 24 timar<\/li>\n\n\n\n<li>Sm\u00f8relunsj<\/li>\n\n\n\n<li>Middag hj\u00e5 Kulp Bistro<\/li>\n\n\n\n<li>Parkering<\/li>\n<\/ul>\n\n\n\n<p>Suldal hotell har nokre eigne parkeringsplassar. Det er ogs\u00e5 gode gratis parkeringstilh\u00f8ve i n\u00e6rleiken. Kontakt oss f\u00f8r du kjem, s\u00e5 avklarar me parkering n\u00e6rare.<\/p>\n\n\n\n<p><a href=\"https:\/\/www.facebook.com\/pg\/suldalhotell\/reviews\/?ref=page_internal\" target=\"_blank\" rel=\"noopener noreferrer\">Les om oss: Reviews p\u00e5 Facebook.<\/a><\/p>\n\n\n\n<p><a href=\"https:\/\/www.google.com\/travel\/hotels\/entity\/CgsIjdmE7ru-pZHOARAB\/reviews?g2lb=2502405%2C2502548%2C4208993%2C4254308%2C4258168%2C4260007%2C4270442%2C4274032%2C4291318%2C4305595%2C4308216%2C4314846%2C4315873%2C4317915%2C4324293%2C4328159%2C4329288%2C4338120%2C4339686%2C4340869%2C4270859%2C4284970%2C4291517%2C4292955%2C4316256&amp;hl=no&amp;gl=us&amp;un=1&amp;rp=EI3ZhO67vqWRzgE4AkAASAE&amp;ictx=1&amp;hrf=KhYKBwjkDxACGAISBwjkDxACGAMYASgAggElMHg0NjNiZTM0MmFjYjViNjk1OjB4Y2UyMjk1ZjNiZGMxMmM4ZJoBJxolMHg0NjNiZTM0MmFjYjViNjk1OjB4Y2UyMjk1ZjNiZGMxMmM4ZA\" target=\"_blank\" rel=\"noopener noreferrer\">Les om oss: Reviews p\u00e5 Google bedrift.<\/a><\/p>\n<\/div><\/div>\n\n\n\n<div class=\"wp-block-media-text has-media-on-the-right is-stacked-on-mobile is-image-fill\" style=\"grid-template-columns:auto 32%\"><div class=\"wp-block-media-text__content\">\n<h2 class=\"wp-block-heading\">Mat og drikke<\/h2>\n\n\n\n<p>Suldal hotell er eit sj\u00f8lvbeteningshotell, noko som betyr at me ikkje tilbyr servering av lunsj og middag direkte p\u00e5 hotellet. For \u00e5 gje gjestene fleksibilitet har me derimot frukost tilgjengeleg heile d\u00f8gnet, 24 timar i strekk, i v\u00e5r trivelege frukostsal. Her kan ein ogs\u00e5 sm\u00f8re med seg lunsj. Gjestene kan dermed nyte eit godt m\u00e5ltid n\u00e5r det passar best for dei. Me har avtale med Kulp Bistro for middag som gir ei god matoppleving.<\/p>\n<\/div><figure class=\"wp-block-media-text__media\" style=\"background-image:url(http:\/\/underbakke.as\/suldalhotell\/wp-content\/uploads\/2023\/10\/51735327_810290909320430_8220206025995714560_n.jpg);background-position:34% 57%\"><img loading=\"lazy\" decoding=\"async\" width=\"960\" height=\"540\" src=\"http:\/\/underbakke.as\/suldalhotell\/wp-content\/uploads\/2023\/10\/51735327_810290909320430_8220206025995714560_n.jpg\" alt=\"\" class=\"wp-image-308 size-full\" srcset=\"https:\/\/underbakke.as\/suldalhotell\/wp-content\/uploads\/2023\/10\/51735327_810290909320430_8220206025995714560_n.jpg 960w, https:\/\/underbakke.as\/suldalhotell\/wp-content\/uploads\/2023\/10\/51735327_810290909320430_8220206025995714560_n-300x169.jpg 300w, https:\/\/underbakke.as\/suldalhotell\/wp-content\/uploads\/2023\/10\/51735327_810290909320430_8220206025995714560_n-768x432.jpg 768w\" sizes=\"(max-width: 960px) 100vw, 960px\" \/><\/figure><\/div>\n\n\n\n<div class=\"wp-block-media-text is-stacked-on-mobile\" style=\"padding-left:var(--wp--preset--spacing--small)\"><figure class=\"wp-block-media-text__media\"><img loading=\"lazy\" decoding=\"async\" width=\"840\" height=\"460\" src=\"http:\/\/underbakke.as\/suldalhotell\/wp-content\/uploads\/2015\/12\/58108478.jpg\" alt=\"\" class=\"wp-image-73 size-full\" srcset=\"https:\/\/underbakke.as\/suldalhotell\/wp-content\/uploads\/2015\/12\/58108478.jpg 840w, https:\/\/underbakke.as\/suldalhotell\/wp-content\/uploads\/2015\/12\/58108478-300x164.jpg 300w, https:\/\/underbakke.as\/suldalhotell\/wp-content\/uploads\/2015\/12\/58108478-768x421.jpg 768w\" sizes=\"(max-width: 840px) 100vw, 840px\" \/><\/figure><div class=\"wp-block-media-text__content\">\n<h2 class=\"wp-block-heading\">Kva kan Sand og Suldal by p\u00e5?<\/h2>\n\n\n\n<p>Sand er kommunesenteret i Suldal kommune. Sandsfjorden flyt fint forbi og er ein god kanal for s\u00e5 vel rekreasjon som kommunikasjon. Kommunesenteret v\u00e5rt har eit fint tilbod av butikkar og spisestader. Meir om tilbodet p\u00e5 Sand og i heile Suldal finn du p\u00e5 v\u00e5re <a href=\"http:\/\/underbakke.as\/suldalhotell\/sand\/\">nettsider<\/a> og p\u00e5 nettstaden til <a href=\"https:\/\/www.visitsuldal.no\">Visit Suldal<\/a>.<\/p>\n<\/div><\/div>\n\n\n\n<h2 class=\"wp-block-heading\"><\/h2>\n\n\n\n<div class=\"wp-block-media-text has-media-on-the-right is-stacked-on-mobile\" style=\"grid-template-columns:auto 25%\"><div class=\"wp-block-media-text__content\">\n<p>Suldal Hotell har avtale med treningsstudioet STAS Knallform. Gi beskjed dersom dette er aktuelt for deg og dine tilsette.<\/p>\n<\/div><figure class=\"wp-block-media-text__media\"><img loading=\"lazy\" decoding=\"async\" width=\"500\" height=\"97\" src=\"http:\/\/underbakke.as\/suldalhotell\/wp-content\/uploads\/2024\/10\/Stas-Knallform.png\" alt=\"\" class=\"wp-image-425 size-full\" srcset=\"https:\/\/underbakke.as\/suldalhotell\/wp-content\/uploads\/2024\/10\/Stas-Knallform.png 500w, https:\/\/underbakke.as\/suldalhotell\/wp-content\/uploads\/2024\/10\/Stas-Knallform-300x58.png 300w\" sizes=\"(max-width: 500px) 100vw, 500px\" \/><\/figure><\/div>\n\n\n\n<h2 class=\"wp-block-heading\">Ta kontakt med oss for tilbud p\u00e5 overnatting<\/h2>\n\n\n\n<div class=\"wp-block-kadence-form kadence-form-252_604b40-16 kb-form-wrap\"><form class=\"kb-form\" action=\"\" method=\"post\"><div class=\"kadence-blocks-form-field kb-field-desk-width-100 kb-input-size-standard\"><label for=\"kb_field_252_604b40-16_0\">Name<\/label><input name=\"kb_field_0\" id=\"kb_field_252_604b40-16_0\" data-label=\"Name\" type=\"text\" placeholder=\"\" value=\"\" data-type=\"text\" class=\"kb-field kb-text-style-field kb-text-field kb-field-0\"\/><\/div><div class=\"kadence-blocks-form-field kb-form-field-1 kb-field-desk-width-100 kb-input-size-standard\"><label for=\"kb_field_252_604b40-16_1\">Email<span class=\"required\">*<\/span><\/label><input name=\"kb_field_1\" id=\"kb_field_252_604b40-16_1\" data-label=\"Email\" type=\"email\" placeholder=\"\" value=\"\" data-type=\"email\" class=\"kb-field kb-text-style-field kb-email-field kb-field-1\" data-required=\"yes\"\/><\/div><div class=\"kadence-blocks-form-field kb-form-field-2 kb-field-desk-width-100 kb-input-size-standard\"><label for=\"kb_field_252_604b40-16_2\">Message<span class=\"required\">*<\/span><\/label><textarea name=\"kb_field_2\" id=\"kb_field_252_604b40-16_2\" data-label=\"Message\" type=\"textarea\" placeholder=\"\" data-type=\"textarea\" class=\"kb-field kb-text-style-field kb-textarea-field kb-field-2\" rows=\"4\" data-required=\"yes\"><\/textarea><\/div><input type=\"hidden\" name=\"_kb_form_id\" value=\"252_604b40-16\"\/><input type=\"hidden\" name=\"_kb_form_post_id\" value=\"252\"\/><input type=\"hidden\" name=\"action\" value=\"kb_process_ajax_submit\"\/><input class=\"kadence-blocks-field verify\" type=\"text\" name=\"_kb_verify_email\" autocomplete=\"new-password\" aria-hidden=\"true\" placeholder=\"Email\" tabindex=\"-1\" data-1p-ignore=\"true\" data-lpignore=\"true\" \/><div class=\"kadence-blocks-form-field kb-submit-field kb-field-desk-width-100\"><button class=\"kb-forms-submit button kb-button-size-standard kb-button-width-auto\">Submit<\/button><\/div><\/form><\/div>\n<noscript><div class=\"kadence-blocks-form-message kadence-blocks-form-warning\">Please enable JavaScript in your browser to submit the form<\/div><style>.kadence-form-252_604b40-16 .kadence-blocks-form-field.kb-submit-field { display: none; }<\/style><\/noscript>","protected":false},"excerpt":{"rendered":"<p>Rimeleg og hyggeleg overnatting, midt i hjarta av Ryfylke. Suldal Hotell tilbyr komfortabel overnatting med fullpensjon til ein sv\u00e6rt gunstig pris. Med 23 rom \u2013 14 enkeltrom og 9 dobbeltrom \u2013 har me kapasitet til b\u00e5de kort- og langtidsopphald. Me har lang erfaring med \u00e5 huse gjester som jobbar p\u00e5 prosjekt i Sand og Suldal, &hellip; <\/p>\n<p class=\"link-more\"><a href=\"https:\/\/underbakke.as\/suldalhotell\/rom-for-bedrifter\/\" class=\"more-link\">Read more<span class=\"screen-reader-text\"> &laquo;Rom p\u00e5 Suldal hotell for bedrifter&raquo;<\/span><\/a><\/p>\n","protected":false},"author":1,"featured_media":73,"parent":0,"menu_order":0,"comment_status":"closed","ping_status":"closed","template":"","meta":{"footnotes":""},"class_list":["post-252","page","type-page","status-publish","has-post-thumbnail","hentry"],"yoast_head":"<!-- This site is optimized with the Yoast SEO plugin v23.9 - https:\/\/yoast.com\/wordpress\/plugins\/seo\/ -->\n<title>Rom p\u00e5 Suldal hotell for bedrifter - Suldal Hotell<\/title>\n<meta name=\"robots\" content=\"index, follow, max-snippet:-1, max-image-preview:large, max-video-preview:-1\" \/>\n<link rel=\"canonical\" href=\"https:\/\/underbakke.as\/suldalhotell\/rom-for-bedrifter\/\" \/>\n<meta property=\"og:locale\" content=\"nn_NO\" \/>\n<meta property=\"og:type\" content=\"article\" \/>\n<meta property=\"og:title\" content=\"Rom p\u00e5 Suldal hotell for bedrifter - Suldal Hotell\" \/>\n<meta property=\"og:description\" content=\"Rimeleg og hyggeleg overnatting, midt i hjarta av Ryfylke. Suldal Hotell tilbyr komfortabel overnatting med fullpensjon til ein sv\u00e6rt gunstig pris. Med 23 rom \u2013 14 enkeltrom og 9 dobbeltrom \u2013 har me kapasitet til b\u00e5de kort- og langtidsopphald. Me har lang erfaring med \u00e5 huse gjester som jobbar p\u00e5 prosjekt i Sand og Suldal, &hellip; Read more &quot;Rom p\u00e5 Suldal hotell for bedrifter&quot;\" \/>\n<meta property=\"og:url\" content=\"https:\/\/underbakke.as\/suldalhotell\/rom-for-bedrifter\/\" \/>\n<meta property=\"og:site_name\" content=\"Suldal Hotell\" \/>\n<meta property=\"article:modified_time\" content=\"2024-10-15T12:16:55+00:00\" \/>\n<meta property=\"og:image\" content=\"http:\/\/underbakke.as\/suldalhotell\/wp-content\/uploads\/2015\/12\/58108478.jpg\" \/>\n\t<meta property=\"og:image:width\" content=\"840\" \/>\n\t<meta property=\"og:image:height\" content=\"460\" \/>\n\t<meta property=\"og:image:type\" content=\"image\/jpeg\" \/>\n<meta name=\"twitter:card\" content=\"summary_large_image\" \/>\n<meta name=\"twitter:label1\" content=\"Est. reading time\" \/>\n\t<meta name=\"twitter:data1\" content=\"5 minutt\" \/>\n<script type=\"application\/ld+json\" class=\"yoast-schema-graph\">{\"@context\":\"https:\/\/schema.org\",\"@graph\":[{\"@type\":\"WebPage\",\"@id\":\"https:\/\/underbakke.as\/suldalhotell\/rom-for-bedrifter\/\",\"url\":\"https:\/\/underbakke.as\/suldalhotell\/rom-for-bedrifter\/\",\"name\":\"Rom p\u00e5 Suldal hotell for bedrifter - Suldal Hotell\",\"isPartOf\":{\"@id\":\"https:\/\/underbakke.as\/suldalhotell\/#website\"},\"primaryImageOfPage\":{\"@id\":\"https:\/\/underbakke.as\/suldalhotell\/rom-for-bedrifter\/#primaryimage\"},\"image\":{\"@id\":\"https:\/\/underbakke.as\/suldalhotell\/rom-for-bedrifter\/#primaryimage\"},\"thumbnailUrl\":\"https:\/\/underbakke.as\/suldalhotell\/wp-content\/uploads\/2015\/12\/58108478.jpg\",\"datePublished\":\"2020-01-13T16:25:44+00:00\",\"dateModified\":\"2024-10-15T12:16:55+00:00\",\"breadcrumb\":{\"@id\":\"https:\/\/underbakke.as\/suldalhotell\/rom-for-bedrifter\/#breadcrumb\"},\"inLanguage\":\"nn-NO\",\"potentialAction\":[{\"@type\":\"ReadAction\",\"target\":[\"https:\/\/underbakke.as\/suldalhotell\/rom-for-bedrifter\/\"]}]},{\"@type\":\"ImageObject\",\"inLanguage\":\"nn-NO\",\"@id\":\"https:\/\/underbakke.as\/suldalhotell\/rom-for-bedrifter\/#primaryimage\",\"url\":\"https:\/\/underbakke.as\/suldalhotell\/wp-content\/uploads\/2015\/12\/58108478.jpg\",\"contentUrl\":\"https:\/\/underbakke.as\/suldalhotell\/wp-content\/uploads\/2015\/12\/58108478.jpg\",\"width\":840,\"height\":460},{\"@type\":\"BreadcrumbList\",\"@id\":\"https:\/\/underbakke.as\/suldalhotell\/rom-for-bedrifter\/#breadcrumb\",\"itemListElement\":[{\"@type\":\"ListItem\",\"position\":1,\"name\":\"Home\",\"item\":\"https:\/\/underbakke.as\/suldalhotell\/\"},{\"@type\":\"ListItem\",\"position\":2,\"name\":\"Rom p\u00e5 Suldal hotell for bedrifter\"}]},{\"@type\":\"WebSite\",\"@id\":\"https:\/\/underbakke.as\/suldalhotell\/#website\",\"url\":\"https:\/\/underbakke.as\/suldalhotell\/\",\"name\":\"Suldal Hotell\",\"description\":\"\",\"publisher\":{\"@id\":\"https:\/\/underbakke.as\/suldalhotell\/#organization\"},\"potentialAction\":[{\"@type\":\"SearchAction\",\"target\":{\"@type\":\"EntryPoint\",\"urlTemplate\":\"https:\/\/underbakke.as\/suldalhotell\/?s={search_term_string}\"},\"query-input\":{\"@type\":\"PropertyValueSpecification\",\"valueRequired\":true,\"valueName\":\"search_term_string\"}}],\"inLanguage\":\"nn-NO\"},{\"@type\":\"Organization\",\"@id\":\"https:\/\/underbakke.as\/suldalhotell\/#organization\",\"name\":\"Suldal hotell\",\"url\":\"https:\/\/underbakke.as\/suldalhotell\/\",\"logo\":{\"@type\":\"ImageObject\",\"inLanguage\":\"nn-NO\",\"@id\":\"https:\/\/underbakke.as\/suldalhotell\/#\/schema\/logo\/image\/\",\"url\":\"https:\/\/underbakke.as\/suldalhotell\/wp-content\/uploads\/2016\/08\/Suldal_Hotell_Logo.png\",\"contentUrl\":\"https:\/\/underbakke.as\/suldalhotell\/wp-content\/uploads\/2016\/08\/Suldal_Hotell_Logo.png\",\"width\":2089,\"height\":1506,\"caption\":\"Suldal hotell\"},\"image\":{\"@id\":\"https:\/\/underbakke.as\/suldalhotell\/#\/schema\/logo\/image\/\"}}]}<\/script>\n<!-- \/ Yoast SEO plugin. -->","yoast_head_json":{"title":"Rom p\u00e5 Suldal hotell for bedrifter - Suldal Hotell","robots":{"index":"index","follow":"follow","max-snippet":"max-snippet:-1","max-image-preview":"max-image-preview:large","max-video-preview":"max-video-preview:-1"},"canonical":"https:\/\/underbakke.as\/suldalhotell\/rom-for-bedrifter\/","og_locale":"nn_NO","og_type":"article","og_title":"Rom p\u00e5 Suldal hotell for bedrifter - Suldal Hotell","og_description":"Rimeleg og hyggeleg overnatting, midt i hjarta av Ryfylke. Suldal Hotell tilbyr komfortabel overnatting med fullpensjon til ein sv\u00e6rt gunstig pris. Med 23 rom \u2013 14 enkeltrom og 9 dobbeltrom \u2013 har me kapasitet til b\u00e5de kort- og langtidsopphald. Me har lang erfaring med \u00e5 huse gjester som jobbar p\u00e5 prosjekt i Sand og Suldal, &hellip; Read more \"Rom p\u00e5 Suldal hotell for bedrifter\"","og_url":"https:\/\/underbakke.as\/suldalhotell\/rom-for-bedrifter\/","og_site_name":"Suldal Hotell","article_modified_time":"2024-10-15T12:16:55+00:00","og_image":[{"width":840,"height":460,"url":"http:\/\/underbakke.as\/suldalhotell\/wp-content\/uploads\/2015\/12\/58108478.jpg","type":"image\/jpeg"}],"twitter_card":"summary_large_image","twitter_misc":{"Est. reading time":"5 minutt"},"schema":{"@context":"https:\/\/schema.org","@graph":[{"@type":"WebPage","@id":"https:\/\/underbakke.as\/suldalhotell\/rom-for-bedrifter\/","url":"https:\/\/underbakke.as\/suldalhotell\/rom-for-bedrifter\/","name":"Rom p\u00e5 Suldal hotell for bedrifter - Suldal Hotell","isPartOf":{"@id":"https:\/\/underbakke.as\/suldalhotell\/#website"},"primaryImageOfPage":{"@id":"https:\/\/underbakke.as\/suldalhotell\/rom-for-bedrifter\/#primaryimage"},"image":{"@id":"https:\/\/underbakke.as\/suldalhotell\/rom-for-bedrifter\/#primaryimage"},"thumbnailUrl":"https:\/\/underbakke.as\/suldalhotell\/wp-content\/uploads\/2015\/12\/58108478.jpg","datePublished":"2020-01-13T16:25:44+00:00","dateModified":"2024-10-15T12:16:55+00:00","breadcrumb":{"@id":"https:\/\/underbakke.as\/suldalhotell\/rom-for-bedrifter\/#breadcrumb"},"inLanguage":"nn-NO","potentialAction":[{"@type":"ReadAction","target":["https:\/\/underbakke.as\/suldalhotell\/rom-for-bedrifter\/"]}]},{"@type":"ImageObject","inLanguage":"nn-NO","@id":"https:\/\/underbakke.as\/suldalhotell\/rom-for-bedrifter\/#primaryimage","url":"https:\/\/underbakke.as\/suldalhotell\/wp-content\/uploads\/2015\/12\/58108478.jpg","contentUrl":"https:\/\/underbakke.as\/suldalhotell\/wp-content\/uploads\/2015\/12\/58108478.jpg","width":840,"height":460},{"@type":"BreadcrumbList","@id":"https:\/\/underbakke.as\/suldalhotell\/rom-for-bedrifter\/#breadcrumb","itemListElement":[{"@type":"ListItem","position":1,"name":"Home","item":"https:\/\/underbakke.as\/suldalhotell\/"},{"@type":"ListItem","position":2,"name":"Rom p\u00e5 Suldal hotell for bedrifter"}]},{"@type":"WebSite","@id":"https:\/\/underbakke.as\/suldalhotell\/#website","url":"https:\/\/underbakke.as\/suldalhotell\/","name":"Suldal Hotell","description":"","publisher":{"@id":"https:\/\/underbakke.as\/suldalhotell\/#organization"},"potentialAction":[{"@type":"SearchAction","target":{"@type":"EntryPoint","urlTemplate":"https:\/\/underbakke.as\/suldalhotell\/?s={search_term_string}"},"query-input":{"@type":"PropertyValueSpecification","valueRequired":true,"valueName":"search_term_string"}}],"inLanguage":"nn-NO"},{"@type":"Organization","@id":"https:\/\/underbakke.as\/suldalhotell\/#organization","name":"Suldal hotell","url":"https:\/\/underbakke.as\/suldalhotell\/","logo":{"@type":"ImageObject","inLanguage":"nn-NO","@id":"https:\/\/underbakke.as\/suldalhotell\/#\/schema\/logo\/image\/","url":"https:\/\/underbakke.as\/suldalhotell\/wp-content\/uploads\/2016\/08\/Suldal_Hotell_Logo.png","contentUrl":"https:\/\/underbakke.as\/suldalhotell\/wp-content\/uploads\/2016\/08\/Suldal_Hotell_Logo.png","width":2089,"height":1506,"caption":"Suldal hotell"},"image":{"@id":"https:\/\/underbakke.as\/suldalhotell\/#\/schema\/logo\/image\/"}}]}},"_links":{"self":[{"href":"https:\/\/underbakke.as\/suldalhotell\/wp-json\/wp\/v2\/pages\/252"}],"collection":[{"href":"https:\/\/underbakke.as\/suldalhotell\/wp-json\/wp\/v2\/pages"}],"about":[{"href":"https:\/\/underbakke.as\/suldalhotell\/wp-json\/wp\/v2\/types\/page"}],"author":[{"embeddable":true,"href":"https:\/\/underbakke.as\/suldalhotell\/wp-json\/wp\/v2\/users\/1"}],"replies":[{"embeddable":true,"href":"https:\/\/underbakke.as\/suldalhotell\/wp-json\/wp\/v2\/comments?post=252"}],"version-history":[{"count":10,"href":"https:\/\/underbakke.as\/suldalhotell\/wp-json\/wp\/v2\/pages\/252\/revisions"}],"predecessor-version":[{"id":441,"href":"https:\/\/underbakke.as\/suldalhotell\/wp-json\/wp\/v2\/pages\/252\/revisions\/441"}],"wp:featuredmedia":[{"embeddable":true,"href":"https:\/\/underbakke.as\/suldalhotell\/wp-json\/wp\/v2\/media\/73"}],"wp:attachment":[{"href":"https:\/\/underbakke.as\/suldalhotell\/wp-json\/wp\/v2\/media?parent=252"}],"curies":[{"name":"wp","href":"https:\/\/api.w.org\/{rel}","templated":true}]}}